{"id":430,"date":"2025-12-08T16:04:35","date_gmt":"2025-12-08T20:04:35","guid":{"rendered":"https:\/\/sta.uwi.edu\/fhe\/cll\/?page_id=430"},"modified":"2026-01-12T10:37:03","modified_gmt":"2026-01-12T14:37:03","slug":"french","status":"publish","type":"page","link":"https:\/\/sta.uwi.edu\/fhe\/cll\/courses\/french\/","title":{"rendered":"French"},"content":{"rendered":"<p>[et_pb_section fb_built=&#8221;1&#8243; _builder_version=&#8221;4.27.4&#8243; _module_preset=&#8221;default&#8221; custom_padding=&#8221;0px||0px||false|false&#8221; locked=&#8221;off&#8221; global_colors_info=&#8221;{}&#8221;][et_pb_row column_structure=&#8221;2_5,3_5&#8243; _builder_version=&#8221;4.27.4&#8243; _module_preset=&#8221;default&#8221; global_colors_info=&#8221;{}&#8221;][et_pb_column type=&#8221;2_5&#8243; _builder_version=&#8221;4.27.4&#8243; _module_preset=&#8221;default&#8221; global_colors_info=&#8221;{}&#8221;][et_pb_video src=&#8221;https:\/\/www.youtube.com\/watch?v=yZ0rzxUzJR0&#8243; _builder_version=&#8221;4.27.4&#8243; _module_preset=&#8221;default&#8221; global_colors_info=&#8221;{}&#8221;][\/et_pb_video][et_pb_button button_url=&#8221;https:\/\/uwi.jotform.com\/251324636562860&#8243; button_text=&#8221;Enrol Now&#8221; button_alignment=&#8221;center&#8221; _builder_version=&#8221;4.27.4&#8243; _module_preset=&#8221;default&#8221; custom_button=&#8221;on&#8221; button_text_color=&#8221;#FFFFFF&#8221; button_bg_color=&#8221;#06346D&#8221; button_border_width=&#8221;0px&#8221; button_border_radius=&#8221;13px&#8221; button_use_icon=&#8221;off&#8221; custom_padding=&#8221;15px||15px||true|false&#8221; custom_css_free_form=&#8221;selector{width:80%;}&#8221; locked=&#8221;off&#8221; global_colors_info=&#8221;{}&#8221;][\/et_pb_button][\/et_pb_column][et_pb_column type=&#8221;3_5&#8243; _builder_version=&#8221;4.27.4&#8243; _module_preset=&#8221;default&#8221; global_colors_info=&#8221;{}&#8221;][et_pb_text _builder_version=&#8221;4.27.4&#8243; _module_preset=&#8221;default&#8221; global_colors_info=&#8221;{}&#8221;]<\/p>\n<div class=\"elementor-column elementor-col-50 elementor-top-column elementor-element elementor-element-2579469\" data-id=\"2579469\" data-element_type=\"column\">\n<div class=\"elementor-widget-wrap elementor-element-populated\">\n<div class=\"elementor-element elementor-element-efc4acc elementor-widget elementor-widget-text-editor\" data-id=\"efc4acc\" data-element_type=\"widget\" data-widget_type=\"text-editor.default\">\n<div class=\"elementor-widget-container\">\n<div class=\"elementor-element elementor-element-307bd282 elementor-widget elementor-widget-heading\" data-id=\"307bd282\" data-element_type=\"widget\" data-widget_type=\"heading.default\">\n<div class=\"elementor-widget-container\">\n<h4 class=\"elementor-heading-title elementor-size-default\">WHY STUDY FRENCH?<\/h4>\n<\/div>\n<\/div>\n<div class=\"elementor-element elementor-element-1a1e16be elementor-widget elementor-widget-text-editor\" data-id=\"1a1e16be\" data-element_type=\"widget\" data-widget_type=\"text-editor.default\">\n<div class=\"elementor-widget-container\">\n<p>French is a language widely spoken on all continents and in many countries. It is used by approximately 200 million people as a native language, a language of instruction, and\/or an official language.<\/p>\n<p>It is one of the languages of diplomacy at the United Nations and other important international organizations such as the European Union. Learning French can therefore potentially improve one\u2019s marketability and afford one access to an international community and education.<\/p>\n<p>Moreover, in Trinidad and Tobago, there are approximately 600 French nationals and still others continue to migrate each year. Given the presence of this local French community there are many organizations such as Un c\u00f4t\u00e9 fran\u00e7ais, Association Tandem, l\u2019Alliance Fran\u00e7aise, which organize monthly gatherings and regular activities for the benefit of local francophones. Learning French can thus potentially expand one\u2019s social circles and open the door to an array of new cultural experiences (cuisine, music, literature, philosophy) and destinations.<\/p>\n<\/div>\n<\/div>\n<\/div>\n<\/div>\n<\/div>\n<\/div>\n<p>[\/et_pb_text][\/et_pb_column][\/et_pb_row][\/et_pb_section][et_pb_section fb_built=&#8221;1&#8243; _builder_version=&#8221;4.27.4&#8243; _module_preset=&#8221;default&#8221; custom_padding=&#8221;0px||0px||true|false&#8221; locked=&#8221;off&#8221; global_colors_info=&#8221;{}&#8221;][et_pb_row column_structure=&#8221;2_3,1_3&#8243; _builder_version=&#8221;4.27.4&#8243; _module_preset=&#8221;default&#8221; global_colors_info=&#8221;{}&#8221;][et_pb_column type=&#8221;2_3&#8243; _builder_version=&#8221;4.27.4&#8243; _module_preset=&#8221;default&#8221; global_colors_info=&#8221;{}&#8221;][et_pb_heading title=&#8221;Delivery&#8221; _builder_version=&#8221;4.27.4&#8243; _module_preset=&#8221;default&#8221; global_colors_info=&#8221;{}&#8221;][\/et_pb_heading][et_pb_text _builder_version=&#8221;4.27.4&#8243; _module_preset=&#8221;default&#8221; global_colors_info=&#8221;{}&#8221;]<\/p>\n<p>Classes are conducted as far as possible in the target language to give students maximum exposure to the new language and culture. During the course, students develop an ability to communicate in French in situations relating to their personal lives.<\/p>\n<p>In addition, students are expected to spend time on self-study preparing for classes and reviewing and consolidating work done in class. Students are also encouraged to develop a repertoire of strategies to promote their autonomy as language learners. At each level, 100% in-course testing is the form of assessment.<\/p>\n<p>[\/et_pb_text][\/et_pb_column][et_pb_column type=&#8221;1_3&#8243; _builder_version=&#8221;4.27.4&#8243; _module_preset=&#8221;default&#8221; background_color=&#8221;rgba(0,0,0,0.08)&#8221; custom_padding=&#8221;15px|15px|15px|15px|true|true&#8221; border_radii=&#8221;on|30px|30px|30px|30px&#8221; global_colors_info=&#8221;{}&#8221;][et_pb_heading title=&#8221;Schedule&#8221; _builder_version=&#8221;4.27.4&#8243; _module_preset=&#8221;default&#8221; title_text_align=&#8221;center&#8221; global_colors_info=&#8221;{}&#8221;][\/et_pb_heading][et_pb_text _builder_version=&#8221;4.27.4&#8243; _module_preset=&#8221;default&#8221; custom_padding=&#8221;|15px||15px|false|true&#8221; global_colors_info=&#8221;{}&#8221;]<\/p>\n<p><span>There are 52-contact hours per semester. Classes meet for four 50-minute sessions per week, with classes beginning on the hour and ending ten minutes before the hour (e.g. 11:00 to 11:50). However, class contact time should be supplemented by two hours of independent study for each contact hour.<\/span><\/p>\n<p>[\/et_pb_text][\/et_pb_column][\/et_pb_row][\/et_pb_section][et_pb_section fb_built=&#8221;1&#8243; _builder_version=&#8221;4.27.4&#8243; _module_preset=&#8221;default&#8221; background_color=&#8221;RGBA(0,0,0,0.08)&#8221; locked=&#8221;off&#8221; global_colors_info=&#8221;{}&#8221;][et_pb_row column_structure=&#8221;1_2,1_2&#8243; _builder_version=&#8221;4.27.4&#8243; _module_preset=&#8221;default&#8221; global_colors_info=&#8221;{}&#8221;][et_pb_column type=&#8221;1_2&#8243; _builder_version=&#8221;4.27.4&#8243; _module_preset=&#8221;default&#8221; global_colors_info=&#8221;{}&#8221;][et_pb_heading title=&#8221;Course Overview&#8221; _builder_version=&#8221;4.27.4&#8243; _module_preset=&#8221;default&#8221; global_colors_info=&#8221;{}&#8221;][\/et_pb_heading][et_pb_text _builder_version=&#8221;4.27.4&#8243; _module_preset=&#8221;default&#8221; global_colors_info=&#8221;{}&#8221;]<\/p>\n<p>French is offered at three levels (subject to demand):<\/p>\n<ul>\n<li>Level 1 (A &amp; B) \u2013 Beginner<\/li>\n<li>Level 2 (A &amp; B) \u2013 Lower Intermediate<\/li>\n<li>Level 3 (A &amp; B) \u2013 Intermediate<\/li>\n<\/ul>\n<div id=\"tab1\" class=\"tab_content\">\n<h3>French 1A<\/h3>\n<p>French 1A is a beginners\u2019 French course that introduces students to the French language and to some of its cultural aspects. By focusing on the four basic skills (listening, speaking, reading and writing), students will develop an initial ability to communicate in French in basic situations relating to their personal lives. Students will be introduced to the concept of learner autonomy in language learning.<\/p>\n<div id=\"tab2\" class=\"tab_content\">\n<h3>French 1B<\/h3>\n<p>French 1B is a beginners\u2019 French course that builds on the work done in French 1A. By focusing on the four basic skills (listening, speaking, reading and writing), students will enhance their ability to communicate in the French in situations relating to themselves and areas of immediate relevance. Students will continue to develop their autonomy in language learning.<\/p>\n<\/div>\n<\/div>\n<p>[\/et_pb_text][\/et_pb_column][et_pb_column type=&#8221;1_2&#8243; _builder_version=&#8221;4.27.4&#8243; _module_preset=&#8221;default&#8221; global_colors_info=&#8221;{}&#8221;][et_pb_text _builder_version=&#8221;4.27.4&#8243; _module_preset=&#8221;default&#8221; global_colors_info=&#8221;{}&#8221;]<\/p>\n<div id=\"tab3\" class=\"tab_content\">\n<h3>French 2A<\/h3>\n<p>French 2A is a lower-intermediate course that builds on the work done in French 1B. Students will be able to function increasingly independently in all four skill-areas in familiar situations and topics.<\/p>\n<\/div>\n<div id=\"tab4\" class=\"tab_content\">\n<h3>French 2B<\/h3>\n<p>French 2B is a lower-intermediate course that builds on the work done in French 2A. Students will be able to function more independently in a variety of familiar situations and topics in all four skill-areas.<\/p>\n<\/div>\n<div id=\"tab5\" class=\"tab_content\">\n<h3>French 3A<\/h3>\n<p>French 3A is an intermediate course that builds on the work done in French 2B. Students will start showing a degree of fluency in the four different skills. Students will demonstrate more of the behaviours and attitudes of independent learners.<\/p>\n<\/div>\n<div id=\"tab6\" class=\"tab_content\">\n<h3>French 3B<\/h3>\n<p>French 3B is an intermediate course that builds on the work done in French 3A. Students will be able to demonstrate increased ease when interacting whether orally or in writing. Students will demonstrate more of the behaviours and attitudes of independent learners<\/p>\n<\/div>\n<p>[\/et_pb_text][\/et_pb_column][\/et_pb_row][\/et_pb_section]<\/p>\n","protected":false},"excerpt":{"rendered":"<p>WHY STUDY FRENCH? French is a language widely spoken on all continents and in many countries. It is used by approximately 200 million people as a native language, a language of instruction, and\/or an official language. It is one of the languages of diplomacy at the United Nations and other important international organizations such as [&hellip;]<\/p>\n","protected":false},"author":6,"featured_media":0,"parent":55,"menu_order":0,"comment_status":"closed","ping_status":"closed","template":"","meta":{"_et_pb_use_builder":"on","_et_pb_old_content":"","_et_gb_content_width":"","footnotes":""},"dipi_cpt_category":[],"class_list":["post-430","page","type-page","status-publish","hentry"],"yoast_head":"<!-- This site is optimized with the Yoast SEO plugin v27.5 - https:\/\/yoast.com\/product\/yoast-seo-wordpress\/ -->\r\n<title>French - Centre for Language Learning<\/title>\r\n<meta name=\"robots\" content=\"index, follow, max-snippet:-1, max-image-preview:large, max-video-preview:-1\" \/>\r\n<link rel=\"canonical\" href=\"https:\/\/sta.uwi.edu\/fhe\/cll\/courses\/french\/\" \/>\r\n<meta property=\"og:locale\" content=\"en_US\" \/>\r\n<meta property=\"og:type\" content=\"article\" \/>\r\n<meta property=\"og:title\" content=\"French - Centre for Language Learning\" \/>\r\n<meta property=\"og:description\" content=\"WHY STUDY FRENCH? French is a language widely spoken on all continents and in many countries. It is used by approximately 200 million people as a native language, a language of instruction, and\/or an official language. It is one of the languages of diplomacy at the United Nations and other important international organizations such as [&hellip;]\" \/>\r\n<meta property=\"og:url\" content=\"https:\/\/sta.uwi.edu\/fhe\/cll\/courses\/french\/\" \/>\r\n<meta property=\"og:site_name\" content=\"Centre for Language Learning\" \/>\r\n<meta property=\"article:modified_time\" content=\"2026-01-12T14:37:03+00:00\" \/>\r\n<meta name=\"twitter:card\" content=\"summary_large_image\" \/>\r\n<meta name=\"twitter:label1\" content=\"Est. reading time\" \/>\n\t<meta name=\"twitter:data1\" content=\"3 minutes\" \/>\r\n<script type=\"application\/ld+json\" class=\"yoast-schema-graph\">{\"@context\":\"https:\\\/\\\/schema.org\",\"@graph\":[{\"@type\":\"WebPage\",\"@id\":\"https:\\\/\\\/sta.uwi.edu\\\/fhe\\\/cll\\\/courses\\\/french\\\/\",\"url\":\"https:\\\/\\\/sta.uwi.edu\\\/fhe\\\/cll\\\/courses\\\/french\\\/\",\"name\":\"French - Centre for Language Learning\",\"isPartOf\":{\"@id\":\"https:\\\/\\\/sta.uwi.edu\\\/fhe\\\/cll\\\/#website\"},\"datePublished\":\"2025-12-08T20:04:35+00:00\",\"dateModified\":\"2026-01-12T14:37:03+00:00\",\"breadcrumb\":{\"@id\":\"https:\\\/\\\/sta.uwi.edu\\\/fhe\\\/cll\\\/courses\\\/french\\\/#breadcrumb\"},\"inLanguage\":\"en-US\",\"potentialAction\":[{\"@type\":\"ReadAction\",\"target\":[\"https:\\\/\\\/sta.uwi.edu\\\/fhe\\\/cll\\\/courses\\\/french\\\/\"]}]},{\"@type\":\"BreadcrumbList\",\"@id\":\"https:\\\/\\\/sta.uwi.edu\\\/fhe\\\/cll\\\/courses\\\/french\\\/#breadcrumb\",\"itemListElement\":[{\"@type\":\"ListItem\",\"position\":1,\"name\":\"Home\",\"item\":\"https:\\\/\\\/sta.uwi.edu\\\/fhe\\\/cll\\\/\"},{\"@type\":\"ListItem\",\"position\":2,\"name\":\"Courses\",\"item\":\"https:\\\/\\\/sta.uwi.edu\\\/fhe\\\/cll\\\/courses\\\/\"},{\"@type\":\"ListItem\",\"position\":3,\"name\":\"French\"}]},{\"@type\":\"WebSite\",\"@id\":\"https:\\\/\\\/sta.uwi.edu\\\/fhe\\\/cll\\\/#website\",\"url\":\"https:\\\/\\\/sta.uwi.edu\\\/fhe\\\/cll\\\/\",\"name\":\"Centre for Language Learning\",\"description\":\"\",\"potentialAction\":[{\"@type\":\"SearchAction\",\"target\":{\"@type\":\"EntryPoint\",\"urlTemplate\":\"https:\\\/\\\/sta.uwi.edu\\\/fhe\\\/cll\\\/?s={search_term_string}\"},\"query-input\":{\"@type\":\"PropertyValueSpecification\",\"valueRequired\":true,\"valueName\":\"search_term_string\"}}],\"inLanguage\":\"en-US\"}]}<\/script>\r\n<!-- \/ Yoast SEO plugin. -->","yoast_head_json":{"title":"French - Centre for Language Learning","robots":{"index":"index","follow":"follow","max-snippet":"max-snippet:-1","max-image-preview":"max-image-preview:large","max-video-preview":"max-video-preview:-1"},"canonical":"https:\/\/sta.uwi.edu\/fhe\/cll\/courses\/french\/","og_locale":"en_US","og_type":"article","og_title":"French - Centre for Language Learning","og_description":"WHY STUDY FRENCH? French is a language widely spoken on all continents and in many countries. It is used by approximately 200 million people as a native language, a language of instruction, and\/or an official language. It is one of the languages of diplomacy at the United Nations and other important international organizations such as [&hellip;]","og_url":"https:\/\/sta.uwi.edu\/fhe\/cll\/courses\/french\/","og_site_name":"Centre for Language Learning","article_modified_time":"2026-01-12T14:37:03+00:00","twitter_card":"summary_large_image","twitter_misc":{"Est. reading time":"3 minutes"},"schema":{"@context":"https:\/\/schema.org","@graph":[{"@type":"WebPage","@id":"https:\/\/sta.uwi.edu\/fhe\/cll\/courses\/french\/","url":"https:\/\/sta.uwi.edu\/fhe\/cll\/courses\/french\/","name":"French - Centre for Language Learning","isPartOf":{"@id":"https:\/\/sta.uwi.edu\/fhe\/cll\/#website"},"datePublished":"2025-12-08T20:04:35+00:00","dateModified":"2026-01-12T14:37:03+00:00","breadcrumb":{"@id":"https:\/\/sta.uwi.edu\/fhe\/cll\/courses\/french\/#breadcrumb"},"inLanguage":"en-US","potentialAction":[{"@type":"ReadAction","target":["https:\/\/sta.uwi.edu\/fhe\/cll\/courses\/french\/"]}]},{"@type":"BreadcrumbList","@id":"https:\/\/sta.uwi.edu\/fhe\/cll\/courses\/french\/#breadcrumb","itemListElement":[{"@type":"ListItem","position":1,"name":"Home","item":"https:\/\/sta.uwi.edu\/fhe\/cll\/"},{"@type":"ListItem","position":2,"name":"Courses","item":"https:\/\/sta.uwi.edu\/fhe\/cll\/courses\/"},{"@type":"ListItem","position":3,"name":"French"}]},{"@type":"WebSite","@id":"https:\/\/sta.uwi.edu\/fhe\/cll\/#website","url":"https:\/\/sta.uwi.edu\/fhe\/cll\/","name":"Centre for Language Learning","description":"","potentialAction":[{"@type":"SearchAction","target":{"@type":"EntryPoint","urlTemplate":"https:\/\/sta.uwi.edu\/fhe\/cll\/?s={search_term_string}"},"query-input":{"@type":"PropertyValueSpecification","valueRequired":true,"valueName":"search_term_string"}}],"inLanguage":"en-US"}]}},"_links":{"self":[{"href":"https:\/\/sta.uwi.edu\/fhe\/cll\/wp-json\/wp\/v2\/pages\/430","targetHints":{"allow":["GET"]}}],"collection":[{"href":"https:\/\/sta.uwi.edu\/fhe\/cll\/wp-json\/wp\/v2\/pages"}],"about":[{"href":"https:\/\/sta.uwi.edu\/fhe\/cll\/wp-json\/wp\/v2\/types\/page"}],"author":[{"embeddable":true,"href":"https:\/\/sta.uwi.edu\/fhe\/cll\/wp-json\/wp\/v2\/users\/6"}],"replies":[{"embeddable":true,"href":"https:\/\/sta.uwi.edu\/fhe\/cll\/wp-json\/wp\/v2\/comments?post=430"}],"version-history":[{"count":5,"href":"https:\/\/sta.uwi.edu\/fhe\/cll\/wp-json\/wp\/v2\/pages\/430\/revisions"}],"predecessor-version":[{"id":507,"href":"https:\/\/sta.uwi.edu\/fhe\/cll\/wp-json\/wp\/v2\/pages\/430\/revisions\/507"}],"up":[{"embeddable":true,"href":"https:\/\/sta.uwi.edu\/fhe\/cll\/wp-json\/wp\/v2\/pages\/55"}],"wp:attachment":[{"href":"https:\/\/sta.uwi.edu\/fhe\/cll\/wp-json\/wp\/v2\/media?parent=430"}],"wp:term":[{"taxonomy":"dipi_cpt_category","embeddable":true,"href":"https:\/\/sta.uwi.edu\/fhe\/cll\/wp-json\/wp\/v2\/dipi_cpt_category?post=430"}],"curies":[{"name":"wp","href":"https:\/\/api.w.org\/{rel}","templated":true}]}}