{"id":514,"date":"2026-01-12T10:48:05","date_gmt":"2026-01-12T14:48:05","guid":{"rendered":"https:\/\/sta.uwi.edu\/fhe\/cll\/?page_id=514"},"modified":"2026-03-04T11:23:27","modified_gmt":"2026-03-04T15:23:27","slug":"portuguese","status":"publish","type":"page","link":"https:\/\/sta.uwi.edu\/fhe\/cll\/courses\/portuguese\/","title":{"rendered":"Portuguese"},"content":{"rendered":"<p>[et_pb_section fb_built=&#8221;1&#8243; _builder_version=&#8221;4.27.4&#8243; _module_preset=&#8221;default&#8221; custom_padding=&#8221;0px||0px||false|false&#8221; locked=&#8221;off&#8221; global_colors_info=&#8221;{}&#8221;][et_pb_row column_structure=&#8221;2_5,3_5&#8243; _builder_version=&#8221;4.27.4&#8243; _module_preset=&#8221;default&#8221; global_colors_info=&#8221;{}&#8221;][et_pb_column type=&#8221;2_5&#8243; _builder_version=&#8221;4.27.4&#8243; _module_preset=&#8221;default&#8221; global_colors_info=&#8221;{}&#8221;][et_pb_image src=&#8221;https:\/\/sta.uwi.edu\/fhe\/cll\/wp-content\/uploads\/sites\/2\/2026\/02\/Portuguese-scaled.jpg&#8221; _builder_version=&#8221;4.27.5&#8243; _module_preset=&#8221;default&#8221; hover_enabled=&#8221;0&#8243; global_colors_info=&#8221;{}&#8221; title_text=&#8221;Portuguese&#8221; sticky_enabled=&#8221;0&#8243;][\/et_pb_image][et_pb_button button_url=&#8221;https:\/\/uwi.jotform.com\/251324636562860&#8243; button_text=&#8221;Enrol Now&#8221; button_alignment=&#8221;center&#8221; _builder_version=&#8221;4.27.4&#8243; _module_preset=&#8221;default&#8221; custom_button=&#8221;on&#8221; button_text_color=&#8221;#FFFFFF&#8221; button_bg_color=&#8221;#06346D&#8221; button_border_width=&#8221;0px&#8221; button_border_radius=&#8221;13px&#8221; button_use_icon=&#8221;off&#8221; custom_padding=&#8221;15px||15px||true|false&#8221; custom_css_free_form=&#8221;selector{width:80%;}&#8221; locked=&#8221;off&#8221; global_colors_info=&#8221;{}&#8221;][\/et_pb_button][\/et_pb_column][et_pb_column type=&#8221;3_5&#8243; _builder_version=&#8221;4.27.4&#8243; _module_preset=&#8221;default&#8221; global_colors_info=&#8221;{}&#8221;][et_pb_text _builder_version=&#8221;4.27.4&#8243; _module_preset=&#8221;default&#8221; global_colors_info=&#8221;{}&#8221;]<\/p>\n<div class=\"elementor-column elementor-col-50 elementor-top-column elementor-element elementor-element-2579469\" data-id=\"2579469\" data-element_type=\"column\">\n<div class=\"elementor-widget-wrap elementor-element-populated\">\n<div class=\"elementor-element elementor-element-efc4acc elementor-widget elementor-widget-text-editor\" data-id=\"efc4acc\" data-element_type=\"widget\" data-widget_type=\"text-editor.default\">\n<div class=\"elementor-widget-container\">\n<div class=\"elementor-element elementor-element-307bd282 elementor-widget elementor-widget-heading\" data-id=\"307bd282\" data-element_type=\"widget\" data-widget_type=\"heading.default\">\n<div class=\"elementor-widget-container\">\n<h4 class=\"elementor-heading-title elementor-size-default\">WHY STUDY PORTUGUESE?<\/h4>\n<\/div>\n<\/div>\n<div class=\"elementor-element elementor-element-1a1e16be elementor-widget elementor-widget-text-editor\" data-id=\"1a1e16be\" data-element_type=\"widget\" data-widget_type=\"text-editor.default\">\n<div class=\"elementor-widget-container\">\n<p>Portuguese is the official language of nine countries (Brazil, Portugal, Angola, Cape Verde, Mozambique, Guinea-Bissau, Equatorial Guinea, S\u00e3o Tom\u00e9 and Pr\u00edncipe, and East Timor) and is spoken on four continents. It is the sixth most widely spoken language in the world, and the fastest-growing European language after English. It is even spoken in other regions like Macau (China), Goa and Daman (India) and in Aruba, Bonaire, Cura\u00e7ao (the Caribbean).<\/p>\n<p>Portuguese is highly relevant in the Caribbean and Latin American context, as Brazil boasts Latin America\u2019s largest economy and ranks among the top 15 largest economies in the world. Proficiency in the Portuguese language therefore can potentially open up opportunities for employment, trade and higher education with this Latin American giant.<\/p>\n<p>Furthermore, learning the Portuguese language involves discovering rich and diverse cultures. Brazil, for example, is home to one of the seven wonders of the world, the Christ the Redeemer statue. Its\u2019 national football team are World Cup Champions and Rio\u2019s Carnival festivities are simply unparalleled. Brazil\u2019s flora and fauna are also so diverse that each visit guarantees a uniquely, unforgettable experience. By learning Portuguese you will be able to engage with the locals and have far more authentic experiences.<\/p>\n<\/div>\n<\/div>\n<\/div>\n<\/div>\n<\/div>\n<\/div>\n<p>[\/et_pb_text][\/et_pb_column][\/et_pb_row][\/et_pb_section][et_pb_section fb_built=&#8221;1&#8243; _builder_version=&#8221;4.27.4&#8243; _module_preset=&#8221;default&#8221; custom_padding=&#8221;0px||0px||true|false&#8221; locked=&#8221;off&#8221; global_colors_info=&#8221;{}&#8221;][et_pb_row column_structure=&#8221;2_3,1_3&#8243; _builder_version=&#8221;4.27.4&#8243; _module_preset=&#8221;default&#8221; global_colors_info=&#8221;{}&#8221;][et_pb_column type=&#8221;2_3&#8243; _builder_version=&#8221;4.27.4&#8243; _module_preset=&#8221;default&#8221; global_colors_info=&#8221;{}&#8221;][et_pb_heading title=&#8221;Delivery&#8221; _builder_version=&#8221;4.27.4&#8243; _module_preset=&#8221;default&#8221; global_colors_info=&#8221;{}&#8221;][\/et_pb_heading][et_pb_text _builder_version=&#8221;4.27.4&#8243; _module_preset=&#8221;default&#8221; global_colors_info=&#8221;{}&#8221;]<\/p>\n<p>Classes are conducted as far as possible in the target language to give students maximum exposure to the new language and culture. During the course, students develop an ability to communicate in Portuguese in situations relating to their personal lives.<\/p>\n<p>In addition, students are expected to spend time on self-study preparing for classes and reviewing and consolidating work done in class. Students are also encouraged to develop a repertoire of strategies to promote their autonomy as language learners. At each level, 100% in-course testing is the form of assessment.<\/p>\n<p>[\/et_pb_text][\/et_pb_column][et_pb_column type=&#8221;1_3&#8243; _builder_version=&#8221;4.27.4&#8243; _module_preset=&#8221;default&#8221; background_color=&#8221;rgba(0,0,0,0.08)&#8221; custom_padding=&#8221;15px|15px|15px|15px|true|true&#8221; border_radii=&#8221;on|30px|30px|30px|30px&#8221; global_colors_info=&#8221;{}&#8221;][et_pb_heading title=&#8221;Schedule&#8221; _builder_version=&#8221;4.27.4&#8243; _module_preset=&#8221;default&#8221; title_text_align=&#8221;center&#8221; global_colors_info=&#8221;{}&#8221;][\/et_pb_heading][et_pb_text _builder_version=&#8221;4.27.4&#8243; _module_preset=&#8221;default&#8221; custom_padding=&#8221;|15px||15px|false|true&#8221; global_colors_info=&#8221;{}&#8221;]<\/p>\n<p><span>There are 52-contact hours per semester. Classes meet for four 50-minute sessions per week, with classes beginning on the hour and ending ten minutes before the hour (e.g. 11:00 to 11:50).\u00a0<\/span><\/p>\n<p>[\/et_pb_text][\/et_pb_column][\/et_pb_row][\/et_pb_section][et_pb_section fb_built=&#8221;1&#8243; _builder_version=&#8221;4.27.4&#8243; _module_preset=&#8221;default&#8221; background_color=&#8221;RGBA(0,0,0,0.08)&#8221; locked=&#8221;off&#8221; global_colors_info=&#8221;{}&#8221;][et_pb_row column_structure=&#8221;1_2,1_2&#8243; _builder_version=&#8221;4.27.4&#8243; _module_preset=&#8221;default&#8221; global_colors_info=&#8221;{}&#8221;][et_pb_column type=&#8221;1_2&#8243; _builder_version=&#8221;4.27.4&#8243; _module_preset=&#8221;default&#8221; global_colors_info=&#8221;{}&#8221;][et_pb_heading title=&#8221;Course Overview&#8221; _builder_version=&#8221;4.27.4&#8243; _module_preset=&#8221;default&#8221; global_colors_info=&#8221;{}&#8221;][\/et_pb_heading][et_pb_text _builder_version=&#8221;4.27.4&#8243; _module_preset=&#8221;default&#8221; global_colors_info=&#8221;{}&#8221;]<\/p>\n<p>Portuguese is offered at one levels (subject to demand):<\/p>\n<ul>\n<li>Level 1 (A &amp; B) \u2013 Beginner<\/li>\n<\/ul>\n<div id=\"tab1\" class=\"tab_content\">\n<h3>Portuguese 1A<\/h3>\n<p>Portuguese 1A is a beginners\u2019 course that introduces students to the Portuguese language and to some of its cultural aspects. By focusing on the four basic skills (listening, speaking, reading and writing), students will develop an initial ability to communicate in Portuguese in basic situations relating to their personal lives. Students will be introduced to the concept of learner autonomy in language learning.<\/p>\n<div id=\"tab2\" class=\"tab_content\">\n<p>&nbsp;<\/p>\n<\/div>\n<\/div>\n<p>[\/et_pb_text][\/et_pb_column][et_pb_column type=&#8221;1_2&#8243; _builder_version=&#8221;4.27.4&#8243; _module_preset=&#8221;default&#8221; global_colors_info=&#8221;{}&#8221;][et_pb_text _builder_version=&#8221;4.27.4&#8243; _module_preset=&#8221;default&#8221; global_colors_info=&#8221;{}&#8221;]<\/p>\n<div id=\"tab3\" class=\"tab_content\">\n<h3>Portuguese 1B<\/h3>\n<p>Portuguese 1B is a beginners\u2019 course that builds on the work done in Portuguese 1A. By focusing on the four basic skills (listening, speaking, reading and writing), students will enhance their ability to communicate in the Portuguese in situations relating to themselves and areas of immediate relevance. Students will continue to develop their autonomy in language learning.<\/p>\n<\/div>\n<p>[\/et_pb_text][\/et_pb_column][\/et_pb_row][\/et_pb_section]<\/p>\n","protected":false},"excerpt":{"rendered":"<p>WHY STUDY PORTUGUESE? Portuguese is the official language of nine countries (Brazil, Portugal, Angola, Cape Verde, Mozambique, Guinea-Bissau, Equatorial Guinea, S\u00e3o Tom\u00e9 and Pr\u00edncipe, and East Timor) and is spoken on four continents. It is the sixth most widely spoken language in the world, and the fastest-growing European language after English. It is even spoken [&hellip;]<\/p>\n","protected":false},"author":6,"featured_media":0,"parent":55,"menu_order":0,"comment_status":"closed","ping_status":"closed","template":"","meta":{"_et_pb_use_builder":"on","_et_pb_old_content":"","_et_gb_content_width":"","footnotes":""},"dipi_cpt_category":[],"class_list":["post-514","page","type-page","status-publish","hentry"],"yoast_head":"<!-- This site is optimized with the Yoast SEO plugin v27.5 - https:\/\/yoast.com\/product\/yoast-seo-wordpress\/ -->\r\n<title>Portuguese - Centre for Language Learning<\/title>\r\n<meta name=\"robots\" content=\"index, follow, max-snippet:-1, max-image-preview:large, max-video-preview:-1\" \/>\r\n<link rel=\"canonical\" href=\"https:\/\/sta.uwi.edu\/fhe\/cll\/courses\/portuguese\/\" \/>\r\n<meta property=\"og:locale\" content=\"en_US\" \/>\r\n<meta property=\"og:type\" content=\"article\" \/>\r\n<meta property=\"og:title\" content=\"Portuguese - Centre for Language Learning\" \/>\r\n<meta property=\"og:description\" content=\"WHY STUDY PORTUGUESE? Portuguese is the official language of nine countries (Brazil, Portugal, Angola, Cape Verde, Mozambique, Guinea-Bissau, Equatorial Guinea, S\u00e3o Tom\u00e9 and Pr\u00edncipe, and East Timor) and is spoken on four continents. It is the sixth most widely spoken language in the world, and the fastest-growing European language after English. It is even spoken [&hellip;]\" \/>\r\n<meta property=\"og:url\" content=\"https:\/\/sta.uwi.edu\/fhe\/cll\/courses\/portuguese\/\" \/>\r\n<meta property=\"og:site_name\" content=\"Centre for Language Learning\" \/>\r\n<meta property=\"article:modified_time\" content=\"2026-03-04T15:23:27+00:00\" \/>\r\n<meta name=\"twitter:card\" content=\"summary_large_image\" \/>\r\n<script type=\"application\/ld+json\" class=\"yoast-schema-graph\">{\"@context\":\"https:\\\/\\\/schema.org\",\"@graph\":[{\"@type\":\"WebPage\",\"@id\":\"https:\\\/\\\/sta.uwi.edu\\\/fhe\\\/cll\\\/courses\\\/portuguese\\\/\",\"url\":\"https:\\\/\\\/sta.uwi.edu\\\/fhe\\\/cll\\\/courses\\\/portuguese\\\/\",\"name\":\"Portuguese - Centre for Language Learning\",\"isPartOf\":{\"@id\":\"https:\\\/\\\/sta.uwi.edu\\\/fhe\\\/cll\\\/#website\"},\"datePublished\":\"2026-01-12T14:48:05+00:00\",\"dateModified\":\"2026-03-04T15:23:27+00:00\",\"breadcrumb\":{\"@id\":\"https:\\\/\\\/sta.uwi.edu\\\/fhe\\\/cll\\\/courses\\\/portuguese\\\/#breadcrumb\"},\"inLanguage\":\"en-US\",\"potentialAction\":[{\"@type\":\"ReadAction\",\"target\":[\"https:\\\/\\\/sta.uwi.edu\\\/fhe\\\/cll\\\/courses\\\/portuguese\\\/\"]}]},{\"@type\":\"BreadcrumbList\",\"@id\":\"https:\\\/\\\/sta.uwi.edu\\\/fhe\\\/cll\\\/courses\\\/portuguese\\\/#breadcrumb\",\"itemListElement\":[{\"@type\":\"ListItem\",\"position\":1,\"name\":\"Home\",\"item\":\"https:\\\/\\\/sta.uwi.edu\\\/fhe\\\/cll\\\/\"},{\"@type\":\"ListItem\",\"position\":2,\"name\":\"Courses\",\"item\":\"https:\\\/\\\/sta.uwi.edu\\\/fhe\\\/cll\\\/courses\\\/\"},{\"@type\":\"ListItem\",\"position\":3,\"name\":\"Portuguese\"}]},{\"@type\":\"WebSite\",\"@id\":\"https:\\\/\\\/sta.uwi.edu\\\/fhe\\\/cll\\\/#website\",\"url\":\"https:\\\/\\\/sta.uwi.edu\\\/fhe\\\/cll\\\/\",\"name\":\"Centre for Language Learning\",\"description\":\"\",\"potentialAction\":[{\"@type\":\"SearchAction\",\"target\":{\"@type\":\"EntryPoint\",\"urlTemplate\":\"https:\\\/\\\/sta.uwi.edu\\\/fhe\\\/cll\\\/?s={search_term_string}\"},\"query-input\":{\"@type\":\"PropertyValueSpecification\",\"valueRequired\":true,\"valueName\":\"search_term_string\"}}],\"inLanguage\":\"en-US\"}]}<\/script>\r\n<!-- \/ Yoast SEO plugin. -->","yoast_head_json":{"title":"Portuguese - Centre for Language Learning","robots":{"index":"index","follow":"follow","max-snippet":"max-snippet:-1","max-image-preview":"max-image-preview:large","max-video-preview":"max-video-preview:-1"},"canonical":"https:\/\/sta.uwi.edu\/fhe\/cll\/courses\/portuguese\/","og_locale":"en_US","og_type":"article","og_title":"Portuguese - Centre for Language Learning","og_description":"WHY STUDY PORTUGUESE? Portuguese is the official language of nine countries (Brazil, Portugal, Angola, Cape Verde, Mozambique, Guinea-Bissau, Equatorial Guinea, S\u00e3o Tom\u00e9 and Pr\u00edncipe, and East Timor) and is spoken on four continents. It is the sixth most widely spoken language in the world, and the fastest-growing European language after English. It is even spoken [&hellip;]","og_url":"https:\/\/sta.uwi.edu\/fhe\/cll\/courses\/portuguese\/","og_site_name":"Centre for Language Learning","article_modified_time":"2026-03-04T15:23:27+00:00","twitter_card":"summary_large_image","schema":{"@context":"https:\/\/schema.org","@graph":[{"@type":"WebPage","@id":"https:\/\/sta.uwi.edu\/fhe\/cll\/courses\/portuguese\/","url":"https:\/\/sta.uwi.edu\/fhe\/cll\/courses\/portuguese\/","name":"Portuguese - Centre for Language Learning","isPartOf":{"@id":"https:\/\/sta.uwi.edu\/fhe\/cll\/#website"},"datePublished":"2026-01-12T14:48:05+00:00","dateModified":"2026-03-04T15:23:27+00:00","breadcrumb":{"@id":"https:\/\/sta.uwi.edu\/fhe\/cll\/courses\/portuguese\/#breadcrumb"},"inLanguage":"en-US","potentialAction":[{"@type":"ReadAction","target":["https:\/\/sta.uwi.edu\/fhe\/cll\/courses\/portuguese\/"]}]},{"@type":"BreadcrumbList","@id":"https:\/\/sta.uwi.edu\/fhe\/cll\/courses\/portuguese\/#breadcrumb","itemListElement":[{"@type":"ListItem","position":1,"name":"Home","item":"https:\/\/sta.uwi.edu\/fhe\/cll\/"},{"@type":"ListItem","position":2,"name":"Courses","item":"https:\/\/sta.uwi.edu\/fhe\/cll\/courses\/"},{"@type":"ListItem","position":3,"name":"Portuguese"}]},{"@type":"WebSite","@id":"https:\/\/sta.uwi.edu\/fhe\/cll\/#website","url":"https:\/\/sta.uwi.edu\/fhe\/cll\/","name":"Centre for Language Learning","description":"","potentialAction":[{"@type":"SearchAction","target":{"@type":"EntryPoint","urlTemplate":"https:\/\/sta.uwi.edu\/fhe\/cll\/?s={search_term_string}"},"query-input":{"@type":"PropertyValueSpecification","valueRequired":true,"valueName":"search_term_string"}}],"inLanguage":"en-US"}]}},"_links":{"self":[{"href":"https:\/\/sta.uwi.edu\/fhe\/cll\/wp-json\/wp\/v2\/pages\/514","targetHints":{"allow":["GET"]}}],"collection":[{"href":"https:\/\/sta.uwi.edu\/fhe\/cll\/wp-json\/wp\/v2\/pages"}],"about":[{"href":"https:\/\/sta.uwi.edu\/fhe\/cll\/wp-json\/wp\/v2\/types\/page"}],"author":[{"embeddable":true,"href":"https:\/\/sta.uwi.edu\/fhe\/cll\/wp-json\/wp\/v2\/users\/6"}],"replies":[{"embeddable":true,"href":"https:\/\/sta.uwi.edu\/fhe\/cll\/wp-json\/wp\/v2\/comments?post=514"}],"version-history":[{"count":4,"href":"https:\/\/sta.uwi.edu\/fhe\/cll\/wp-json\/wp\/v2\/pages\/514\/revisions"}],"predecessor-version":[{"id":723,"href":"https:\/\/sta.uwi.edu\/fhe\/cll\/wp-json\/wp\/v2\/pages\/514\/revisions\/723"}],"up":[{"embeddable":true,"href":"https:\/\/sta.uwi.edu\/fhe\/cll\/wp-json\/wp\/v2\/pages\/55"}],"wp:attachment":[{"href":"https:\/\/sta.uwi.edu\/fhe\/cll\/wp-json\/wp\/v2\/media?parent=514"}],"wp:term":[{"taxonomy":"dipi_cpt_category","embeddable":true,"href":"https:\/\/sta.uwi.edu\/fhe\/cll\/wp-json\/wp\/v2\/dipi_cpt_category?post=514"}],"curies":[{"name":"wp","href":"https:\/\/api.w.org\/{rel}","templated":true}]}}