{"id":2373,"date":"2024-06-18T11:02:40","date_gmt":"2024-06-18T15:02:40","guid":{"rendered":"https:\/\/sta.uwi.edu\/fss\/?page_id=2373"},"modified":"2026-04-27T12:15:42","modified_gmt":"2026-04-27T16:15:42","slug":"dr-theodor-tudoroiu","status":"publish","type":"page","link":"https:\/\/sta.uwi.edu\/fss\/staff-profiles\/dr-theodor-tudoroiu\/","title":{"rendered":"Professor Theodor Tudoroiu"},"content":{"rendered":"<p>[et_pb_section fb_built=&#8221;1&#8243; _builder_version=&#8221;4.27.6&#8243; _module_preset=&#8221;default&#8221; global_colors_info=&#8221;{}&#8221;][et_pb_row column_structure=&#8221;2_5,3_5&#8243; _builder_version=&#8221;4.25.2&#8243; _module_preset=&#8221;default&#8221; global_colors_info=&#8221;{}&#8221;][et_pb_column type=&#8221;2_5&#8243; _builder_version=&#8221;4.25.2&#8243; _module_preset=&#8221;default&#8221; global_colors_info=&#8221;{}&#8221;][et_pb_team_member name=&#8221;Professor Theodor Tudoroiu&#8221; position=&#8221;Professor of International Relations &#8211; Department of Political Science&#8221; image_url=&#8221;https:\/\/sta.uwi.edu\/fss\/wp-content\/uploads\/2024\/06\/Dr.-Theodor-Tudoroiu.jpg&#8221; _builder_version=&#8221;4.27.6&#8243; _module_preset=&#8221;default&#8221; global_colors_info=&#8221;{}&#8221;]<\/p>\n<p class=\"field location eleven columns\">The Faculty of Social Sciences &#8211; Department of Political Science<\/p>\n<p class=\"field address-line-1 eleven columns\">The University of the West Indies<br \/>St. Augustine<br \/>Trinidad and Tobago<\/p>\n<p class=\"field telephone eleven columns\">Telephone: <a title=\"Phone\" href=\"tel:+1868-662-2002\">868-662-2002<\/a> (Ext. 82671)<br \/>Email:\u00a0<a title=\"Email\" href=\"mailto:theodor.tudoroiu@sta.uwi.edu\">theodor.tudoroiu@sta.uwi.edu<\/a><\/p>\n<p class=\"field telephone eleven columns\"><a title=\"ResearchGate\" href=\"https:\/\/www.researchgate.net\/scientific-contributions\/77727133_Theodor_Tudoroiu\"><img loading=\"lazy\" decoding=\"async\" class=\"wp-image-2288 alignnone size-full\" src=\"https:\/\/sta.uwi.edu\/fss\/wp-content\/uploads\/2024\/06\/icons8-researchgate-a-social-networking-site-for-scientists-and-researchers-to-share-papers-48-2.png\" alt=\"\" width=\"48\" height=\"48\" \/><\/a><\/p>\n<p>[\/et_pb_team_member][\/et_pb_column][et_pb_column type=&#8221;3_5&#8243; _builder_version=&#8221;4.25.2&#8243; _module_preset=&#8221;default&#8221; global_colors_info=&#8221;{}&#8221;][et_pb_text _builder_version=&#8221;4.27.6&#8243; _module_preset=&#8221;default&#8221; hover_enabled=&#8221;0&#8243; global_colors_info=&#8221;{}&#8221; sticky_enabled=&#8221;0&#8243;]<\/p>\n<h1 class=\"fifteen columns\">Qualifications<\/h1>\n<ul class=\"field qualification fifteen columns\">\n<li>Ph.D. Universit\u00e9 de Montr\u00e9al<\/li>\n<li>M.A. Coll\u00e8ge d\u2019Europe, Bruges<\/li>\n<\/ul>\n<h1 class=\"fifteen columns\">Research Interests<\/h1>\n<ul class=\"field research fifteen columns\">\n<li>China\u2019s Relations with the Global South<\/li>\n<li>Globalizations from Below<\/li>\n<li>International Socialization<\/li>\n<li>Geopolitics<\/li>\n<li>Post-Soviet States<\/li>\n<\/ul>\n<h1 class=\"fifteen columns\">Publications<\/h1>\n<ul>\n<li><a title=\"Selected Publications\" href=\"https:\/\/sta.uwi.edu\/fss\/wp-content\/uploads\/2026\/04\/Theodor-Tudoroiu-Selected-Publications.pdf\">List of selected publications<\/a><\/li>\n<\/ul>\n<p>[\/et_pb_text][\/et_pb_column][\/et_pb_row][\/et_pb_section]<\/p>\n","protected":false},"excerpt":{"rendered":"<p>The Faculty of Social Sciences &#8211; Department of Political Science The University of the West IndiesSt. AugustineTrinidad and Tobago Telephone: 868-662-2002 (Ext. 82671)Email:\u00a0theodor.tudoroiu@sta.uwi.edu Qualifications Ph.D. Universit\u00e9 de Montr\u00e9al M.A. Coll\u00e8ge d\u2019Europe, Bruges Research Interests China\u2019s Relations with the Global South Globalizations from Below International Socialization Geopolitics Post-Soviet States Publications List of selected publications<\/p>\n","protected":false},"author":5,"featured_media":0,"parent":1278,"menu_order":0,"comment_status":"closed","ping_status":"closed","template":"","meta":{"_et_pb_use_builder":"on","_et_pb_old_content":"","_et_gb_content_width":"","footnotes":""},"difl_page_category":[],"class_list":["post-2373","page","type-page","status-publish","hentry"],"yoast_head":"<!-- This site is optimized with the Yoast SEO plugin v27.3 - https:\/\/yoast.com\/product\/yoast-seo-wordpress\/ -->\r\n<title>Professor Theodor Tudoroiu - Faculty of Social Sciences<\/title>\r\n<meta name=\"robots\" content=\"index, follow, max-snippet:-1, max-image-preview:large, max-video-preview:-1\" \/>\r\n<link rel=\"canonical\" href=\"https:\/\/sta.uwi.edu\/fss\/staff-profiles\/dr-theodor-tudoroiu\/\" \/>\r\n<meta property=\"og:locale\" content=\"en_US\" \/>\r\n<meta property=\"og:type\" content=\"article\" \/>\r\n<meta property=\"og:title\" content=\"Professor Theodor Tudoroiu - Faculty of Social Sciences\" \/>\r\n<meta property=\"og:description\" content=\"The Faculty of Social Sciences - Department of Political Science The University of the West IndiesSt. AugustineTrinidad and Tobago Telephone: 868-662-2002 (Ext. 82671)Email:\u00a0theodor.tudoroiu@sta.uwi.edu Qualifications Ph.D. Universit\u00e9 de Montr\u00e9al M.A. Coll\u00e8ge d\u2019Europe, Bruges Research Interests China\u2019s Relations with the Global South Globalizations from Below International Socialization Geopolitics Post-Soviet States Publications List of selected publications\" \/>\r\n<meta property=\"og:url\" content=\"https:\/\/sta.uwi.edu\/fss\/staff-profiles\/dr-theodor-tudoroiu\/\" \/>\r\n<meta property=\"og:site_name\" content=\"Faculty of Social Sciences\" \/>\r\n<meta property=\"article:modified_time\" content=\"2026-04-27T16:15:42+00:00\" \/>\r\n<meta property=\"og:image\" content=\"https:\/\/sta.uwi.edu\/fss\/wp-content\/uploads\/2024\/06\/icons8-researchgate-a-social-networking-site-for-scientists-and-researchers-to-share-papers-48-2.png\" \/>\r\n<meta name=\"twitter:card\" content=\"summary_large_image\" \/>\r\n<meta name=\"twitter:label1\" content=\"Est. reading time\" \/>\n\t<meta name=\"twitter:data1\" content=\"1 minute\" \/>\r\n<script type=\"application\/ld+json\" class=\"yoast-schema-graph\">{\"@context\":\"https:\\\/\\\/schema.org\",\"@graph\":[{\"@type\":\"WebPage\",\"@id\":\"https:\\\/\\\/sta.uwi.edu\\\/fss\\\/staff-profiles\\\/dr-theodor-tudoroiu\\\/\",\"url\":\"https:\\\/\\\/sta.uwi.edu\\\/fss\\\/staff-profiles\\\/dr-theodor-tudoroiu\\\/\",\"name\":\"Professor Theodor Tudoroiu - Faculty of Social Sciences\",\"isPartOf\":{\"@id\":\"https:\\\/\\\/sta.uwi.edu\\\/fss\\\/#website\"},\"primaryImageOfPage\":{\"@id\":\"https:\\\/\\\/sta.uwi.edu\\\/fss\\\/staff-profiles\\\/dr-theodor-tudoroiu\\\/#primaryimage\"},\"image\":{\"@id\":\"https:\\\/\\\/sta.uwi.edu\\\/fss\\\/staff-profiles\\\/dr-theodor-tudoroiu\\\/#primaryimage\"},\"thumbnailUrl\":\"https:\\\/\\\/sta.uwi.edu\\\/fss\\\/wp-content\\\/uploads\\\/2024\\\/06\\\/icons8-researchgate-a-social-networking-site-for-scientists-and-researchers-to-share-papers-48-2.png\",\"datePublished\":\"2024-06-18T15:02:40+00:00\",\"dateModified\":\"2026-04-27T16:15:42+00:00\",\"breadcrumb\":{\"@id\":\"https:\\\/\\\/sta.uwi.edu\\\/fss\\\/staff-profiles\\\/dr-theodor-tudoroiu\\\/#breadcrumb\"},\"inLanguage\":\"en-US\",\"potentialAction\":[{\"@type\":\"ReadAction\",\"target\":[\"https:\\\/\\\/sta.uwi.edu\\\/fss\\\/staff-profiles\\\/dr-theodor-tudoroiu\\\/\"]}]},{\"@type\":\"ImageObject\",\"inLanguage\":\"en-US\",\"@id\":\"https:\\\/\\\/sta.uwi.edu\\\/fss\\\/staff-profiles\\\/dr-theodor-tudoroiu\\\/#primaryimage\",\"url\":\"https:\\\/\\\/sta.uwi.edu\\\/fss\\\/wp-content\\\/uploads\\\/2024\\\/06\\\/icons8-researchgate-a-social-networking-site-for-scientists-and-researchers-to-share-papers-48-2.png\",\"contentUrl\":\"https:\\\/\\\/sta.uwi.edu\\\/fss\\\/wp-content\\\/uploads\\\/2024\\\/06\\\/icons8-researchgate-a-social-networking-site-for-scientists-and-researchers-to-share-papers-48-2.png\",\"width\":48,\"height\":48},{\"@type\":\"BreadcrumbList\",\"@id\":\"https:\\\/\\\/sta.uwi.edu\\\/fss\\\/staff-profiles\\\/dr-theodor-tudoroiu\\\/#breadcrumb\",\"itemListElement\":[{\"@type\":\"ListItem\",\"position\":1,\"name\":\"Home\",\"item\":\"https:\\\/\\\/sta.uwi.edu\\\/fss\\\/\"},{\"@type\":\"ListItem\",\"position\":2,\"name\":\"Staff Profiles\",\"item\":\"https:\\\/\\\/sta.uwi.edu\\\/fss\\\/staff-profiles\\\/\"},{\"@type\":\"ListItem\",\"position\":3,\"name\":\"Professor Theodor Tudoroiu\"}]},{\"@type\":\"WebSite\",\"@id\":\"https:\\\/\\\/sta.uwi.edu\\\/fss\\\/#website\",\"url\":\"https:\\\/\\\/sta.uwi.edu\\\/fss\\\/\",\"name\":\"Faculty of Social Sciences\",\"description\":\"\",\"potentialAction\":[{\"@type\":\"SearchAction\",\"target\":{\"@type\":\"EntryPoint\",\"urlTemplate\":\"https:\\\/\\\/sta.uwi.edu\\\/fss\\\/?s={search_term_string}\"},\"query-input\":{\"@type\":\"PropertyValueSpecification\",\"valueRequired\":true,\"valueName\":\"search_term_string\"}}],\"inLanguage\":\"en-US\"}]}<\/script>\r\n<!-- \/ Yoast SEO plugin. -->","yoast_head_json":{"title":"Professor Theodor Tudoroiu - Faculty of Social Sciences","robots":{"index":"index","follow":"follow","max-snippet":"max-snippet:-1","max-image-preview":"max-image-preview:large","max-video-preview":"max-video-preview:-1"},"canonical":"https:\/\/sta.uwi.edu\/fss\/staff-profiles\/dr-theodor-tudoroiu\/","og_locale":"en_US","og_type":"article","og_title":"Professor Theodor Tudoroiu - Faculty of Social Sciences","og_description":"The Faculty of Social Sciences - Department of Political Science The University of the West IndiesSt. AugustineTrinidad and Tobago Telephone: 868-662-2002 (Ext. 82671)Email:\u00a0theodor.tudoroiu@sta.uwi.edu Qualifications Ph.D. Universit\u00e9 de Montr\u00e9al M.A. Coll\u00e8ge d\u2019Europe, Bruges Research Interests China\u2019s Relations with the Global South Globalizations from Below International Socialization Geopolitics Post-Soviet States Publications List of selected publications","og_url":"https:\/\/sta.uwi.edu\/fss\/staff-profiles\/dr-theodor-tudoroiu\/","og_site_name":"Faculty of Social Sciences","article_modified_time":"2026-04-27T16:15:42+00:00","og_image":[{"url":"https:\/\/sta.uwi.edu\/fss\/wp-content\/uploads\/2024\/06\/icons8-researchgate-a-social-networking-site-for-scientists-and-researchers-to-share-papers-48-2.png","type":"","width":"","height":""}],"twitter_card":"summary_large_image","twitter_misc":{"Est. reading time":"1 minute"},"schema":{"@context":"https:\/\/schema.org","@graph":[{"@type":"WebPage","@id":"https:\/\/sta.uwi.edu\/fss\/staff-profiles\/dr-theodor-tudoroiu\/","url":"https:\/\/sta.uwi.edu\/fss\/staff-profiles\/dr-theodor-tudoroiu\/","name":"Professor Theodor Tudoroiu - Faculty of Social Sciences","isPartOf":{"@id":"https:\/\/sta.uwi.edu\/fss\/#website"},"primaryImageOfPage":{"@id":"https:\/\/sta.uwi.edu\/fss\/staff-profiles\/dr-theodor-tudoroiu\/#primaryimage"},"image":{"@id":"https:\/\/sta.uwi.edu\/fss\/staff-profiles\/dr-theodor-tudoroiu\/#primaryimage"},"thumbnailUrl":"https:\/\/sta.uwi.edu\/fss\/wp-content\/uploads\/2024\/06\/icons8-researchgate-a-social-networking-site-for-scientists-and-researchers-to-share-papers-48-2.png","datePublished":"2024-06-18T15:02:40+00:00","dateModified":"2026-04-27T16:15:42+00:00","breadcrumb":{"@id":"https:\/\/sta.uwi.edu\/fss\/staff-profiles\/dr-theodor-tudoroiu\/#breadcrumb"},"inLanguage":"en-US","potentialAction":[{"@type":"ReadAction","target":["https:\/\/sta.uwi.edu\/fss\/staff-profiles\/dr-theodor-tudoroiu\/"]}]},{"@type":"ImageObject","inLanguage":"en-US","@id":"https:\/\/sta.uwi.edu\/fss\/staff-profiles\/dr-theodor-tudoroiu\/#primaryimage","url":"https:\/\/sta.uwi.edu\/fss\/wp-content\/uploads\/2024\/06\/icons8-researchgate-a-social-networking-site-for-scientists-and-researchers-to-share-papers-48-2.png","contentUrl":"https:\/\/sta.uwi.edu\/fss\/wp-content\/uploads\/2024\/06\/icons8-researchgate-a-social-networking-site-for-scientists-and-researchers-to-share-papers-48-2.png","width":48,"height":48},{"@type":"BreadcrumbList","@id":"https:\/\/sta.uwi.edu\/fss\/staff-profiles\/dr-theodor-tudoroiu\/#breadcrumb","itemListElement":[{"@type":"ListItem","position":1,"name":"Home","item":"https:\/\/sta.uwi.edu\/fss\/"},{"@type":"ListItem","position":2,"name":"Staff Profiles","item":"https:\/\/sta.uwi.edu\/fss\/staff-profiles\/"},{"@type":"ListItem","position":3,"name":"Professor Theodor Tudoroiu"}]},{"@type":"WebSite","@id":"https:\/\/sta.uwi.edu\/fss\/#website","url":"https:\/\/sta.uwi.edu\/fss\/","name":"Faculty of Social Sciences","description":"","potentialAction":[{"@type":"SearchAction","target":{"@type":"EntryPoint","urlTemplate":"https:\/\/sta.uwi.edu\/fss\/?s={search_term_string}"},"query-input":{"@type":"PropertyValueSpecification","valueRequired":true,"valueName":"search_term_string"}}],"inLanguage":"en-US"}]}},"_links":{"self":[{"href":"https:\/\/sta.uwi.edu\/fss\/wp-json\/wp\/v2\/pages\/2373","targetHints":{"allow":["GET"]}}],"collection":[{"href":"https:\/\/sta.uwi.edu\/fss\/wp-json\/wp\/v2\/pages"}],"about":[{"href":"https:\/\/sta.uwi.edu\/fss\/wp-json\/wp\/v2\/types\/page"}],"author":[{"embeddable":true,"href":"https:\/\/sta.uwi.edu\/fss\/wp-json\/wp\/v2\/users\/5"}],"replies":[{"embeddable":true,"href":"https:\/\/sta.uwi.edu\/fss\/wp-json\/wp\/v2\/comments?post=2373"}],"version-history":[{"count":8,"href":"https:\/\/sta.uwi.edu\/fss\/wp-json\/wp\/v2\/pages\/2373\/revisions"}],"predecessor-version":[{"id":5253,"href":"https:\/\/sta.uwi.edu\/fss\/wp-json\/wp\/v2\/pages\/2373\/revisions\/5253"}],"up":[{"embeddable":true,"href":"https:\/\/sta.uwi.edu\/fss\/wp-json\/wp\/v2\/pages\/1278"}],"wp:attachment":[{"href":"https:\/\/sta.uwi.edu\/fss\/wp-json\/wp\/v2\/media?parent=2373"}],"wp:term":[{"taxonomy":"difl_page_category","embeddable":true,"href":"https:\/\/sta.uwi.edu\/fss\/wp-json\/wp\/v2\/difl_page_category?post=2373"}],"curies":[{"name":"wp","href":"https:\/\/api.w.org\/{rel}","templated":true}]}}